{"id":99,"date":"2020-10-06T08:31:08","date_gmt":"2020-10-06T13:31:08","guid":{"rendered":"https:\/\/www.lifesynchro.com\/?page_id=99"},"modified":"2020-10-27T09:12:26","modified_gmt":"2020-10-27T14:12:26","slug":"administracion-de-proyectos","status":"publish","type":"page","link":"https:\/\/www.lifesynchro.com\/index.php\/administracion-de-proyectos\/","title":{"rendered":"Administraci\u00f3n de Proyectos"},"content":{"rendered":"\n<div class=\"slider-wrapper relative\" id=\"slider-1914935369\" >\n    <div class=\"slider slider-nav-dots-simple slider-nav-simple slider-nav-large slider-nav-light slider-style-normal\"\n        data-flickity-options='{\n            \"cellAlign\": \"center\",\n            \"imagesLoaded\": true,\n            \"lazyLoad\": 1,\n            \"freeScroll\": false,\n            \"wrapAround\": true,\n            \"autoPlay\": 3000,\n            \"pauseAutoPlayOnHover\" : false,\n            \"prevNextButtons\": true,\n            \"contain\" : true,\n            \"adaptiveHeight\" : true,\n            \"dragThreshold\" : 10,\n            \"percentPosition\": true,\n            \"pageDots\": false,\n            \"rightToLeft\": false,\n            \"draggable\": false,\n            \"selectedAttraction\": 0.1,\n            \"parallax\" : 0,\n            \"friction\": 0.6        }'\n        >\n        \n\n\n  <div class=\"banner has-hover has-parallax\" id=\"banner-1624228191\">\n          <div class=\"banner-inner fill\">\n        <div class=\"banner-bg fill\" data-parallax=\"-3\" data-parallax-container=\".banner\" data-parallax-background>\n            <div class=\"bg fill bg-fill \"><\/div>\n                        <div class=\"overlay\"><\/div>            \n                    <\/div>\n        <div class=\"banner-layers container\">\n            <div class=\"fill banner-link\"><\/div>            \n\n   <div id=\"text-box-2115503068\" class=\"text-box banner-layer x95 md-x95 lg-x95 y50 md-y50 lg-y50 res-text\">\n                     <div data-animate=\"fadeInUp\">           <div class=\"text dark\">\n              \n              <div class=\"text-inner text-center\">\n                  \n\n<p class=\"thin-font\" style=\"text-align: right;\"><span style=\"font-size: 250%;\" data-line-height=\"s\">Sincronizamos los desarrollos inmobiliarios al bienestar humano y la sostenibilidad del planeta<\/span><\/p>\n\n              <\/div>\n           <\/div>\n       <\/div>                     \n<style scope=\"scope\">\n\n#text-box-2115503068 {\n  width: 86%;\n}\n#text-box-2115503068 .text {\n  font-size: 100%;\n}\n\n\n@media (min-width:550px) {\n\n  #text-box-2115503068 {\n    width: 57%;\n  }\n\n}\n<\/style>\n    <\/div>\n \n\t<div class=\"img has-hover show-for-medium x100 md-x100 lg-x100 y50 md-y50 lg-y50\" id=\"image_1517148956\">\n\t\t\t\t\t\t<div data-animate=\"fadeInLeft\">\t\t<div class=\"img-inner dark\" >\n\t\t\t<img width=\"43\" height=\"213\" src=\"https:\/\/www.lifesynchro.com\/wp-content\/uploads\/2020\/10\/Linea2.png\" class=\"attachment-large size-large\" alt=\"\" loading=\"lazy\" \/>\t\t\t\t\t\t\n\t\t\t\t\t<\/div>\n\t\t<\/div>\t\t\t\t\t\t\n<style scope=\"scope\">\n\n#image_1517148956 {\n  width: 4%;\n}\n<\/style>\n\t<\/div>\n\t\n\n\n        <\/div>\n      <\/div>\n\n            \n<style scope=\"scope\">\n\n#banner-1624228191 {\n  padding-top: 600px;\n}\n#banner-1624228191 .bg.bg-loaded {\n  background-image: url(https:\/\/www.lifesynchro.com\/wp-content\/uploads\/2020\/10\/architect-with-model-of-a-house-sitting-at-the-des-ZHAHAMQ.jpg);\n}\n#banner-1624228191 .overlay {\n  background-color: rgba(0, 0, 0, 0.5);\n}\n#banner-1624228191 .bg {\n  background-position: 99% 23%;\n}\n<\/style>\n  <\/div>\n\n\n\n     <\/div>\n\n     <div class=\"loading-spin dark large centered\"><\/div>\n\n     <style scope=\"scope\">\n                    #slider-1914935369 .flickity-slider > *{ max-width: 6000px!important;\n              <\/style>\n<\/div>\n\n\n\t<section class=\"section has-parallax\" id=\"section_560462611\">\n\t\t<div class=\"bg section-bg fill bg-fill  \" data-parallax-container=\".section\" data-parallax-background data-parallax=\"-3\">\n\n\t\t\t\n\t\t\t\n\t\t\t\n\n\t\t<\/div>\n\n\t\t<div class=\"section-content relative\">\n\t\t\t\n\n<div class=\"row\"  id=\"row-666759670\">\n\n\n\t<div class=\"col medium-7 small-12 large-7\"  >\n\t\t<div class=\"col-inner\" style=\"padding:0px 20px 0px 20px;\" >\n\t\t\t\n\t\t\t\n\n<h2 class=\"thin-font\"><span lang=\"ES\" style=\"font-size: 250%;\">Administraci\u00f3n de Proyectos<\/span><\/h2>\n\t<div id=\"gap-2015544319\" class=\"gap-element clearfix\" style=\"display:block; height:auto;\">\n\t\t\n<style scope=\"scope\">\n\n#gap-2015544319 {\n  padding-top: 60px;\n}\n<\/style>\n\t<\/div>\n\t\n\n\n\t\t<\/div>\n\t<\/div>\n\n\t\n\n<\/div>\n<div class=\"row\"  id=\"row-1732689224\">\n\n\n\t<div class=\"col medium-4 small-12 large-4\"  >\n\t\t<div class=\"col-inner\" style=\"padding:0px 20px 0px 20px;\" >\n\t\t\t\n\t\t\t\n\n<h5 class=\"thin-font\"><span lang=\"ES\" style=\"font-size: 150%; color: #009393;\">Owner Representation<\/span><\/h5>\n<h2 class=\"thin-font\"><span lang=\"ES\" style=\"font-size: 150%;\">Acompa\u00f1amiento y\/o Representaci\u00f3n del Due\u00f1o <\/span><\/h2>\n<div class=\"is-divider divider clearfix\" style=\"max-width:100px;background-color:rgb(0, 147, 147);\"><\/div>\n\n\n\t\t<\/div>\n\t<\/div>\n\n\t\n\n\t<div class=\"col medium-8 small-12 large-8\"  >\n\t\t<div class=\"col-inner\" style=\"padding:0px 20px 0px 20px;\" >\n\t\t\t\n\t\t\t\n\n<p class=\"thin-font\"><span style=\"font-size: 130%;\" data-line-height=\"m\">No es solo crear cronogramas y seguir los pasos, es tomar las decisiones estrat\u00e9gicas que la experiencia nos ha mostrado que generan valor. <\/span><\/p>\n<p class=\"thin-font\"><span style=\"font-size: 130%;\" data-line-height=\"m\">Estamos dispuestos a acompa\u00f1arlos y representarlos para proteger sus objetivos desde la visi\u00f3n hasta la operaci\u00f3n de sus proyectos. <\/span><span style=\"font-size: 130%;\" data-line-height=\"m\">Contar con un agente independiente que vigile los objetivos genera m\u00e1s seguridad en alcanzarlos. <\/span><\/p>\n\n\t\t<\/div>\n\t<\/div>\n\n\t\n\n<\/div>\n\t<div id=\"gap-1555736355\" class=\"gap-element clearfix hide-for-small\" style=\"display:block; height:auto;\">\n\t\t\n<style scope=\"scope\">\n\n#gap-1555736355 {\n  padding-top: 60px;\n}\n<\/style>\n\t<\/div>\n\t\n\n<div class=\"text-center\"><div class=\"is-divider divider clearfix\" style=\"max-width:1200px;height:1px;\"><\/div><\/div>\n\n\t<div id=\"gap-2047217627\" class=\"gap-element clearfix hide-for-small\" style=\"display:block; height:auto;\">\n\t\t\n<style scope=\"scope\">\n\n#gap-2047217627 {\n  padding-top: 60px;\n}\n<\/style>\n\t<\/div>\n\t\n\n<div class=\"row\"  id=\"row-1760840636\">\n\n\n\t<div class=\"col medium-4 small-12 large-4\"  >\n\t\t<div class=\"col-inner\" style=\"padding:0px 20px 0px 20px;\" >\n\t\t\t\n\t\t\t\n\n<h2 class=\"thin-font\"><span lang=\"ES\" style=\"font-size: 150%;\">Administraci\u00f3n de Proyectos en General<\/span><\/h2>\n<div class=\"is-divider divider clearfix\" style=\"max-width:100px;background-color:rgb(0, 147, 147);\"><\/div>\n\n\n\t\t<\/div>\n\t<\/div>\n\n\t\n\n\t<div class=\"col medium-8 small-12 large-8\"  >\n\t\t<div class=\"col-inner\" style=\"padding:0px 20px 0px 20px;\" >\n\t\t\t\n\t\t\t\n\n<p class=\"thin-font\"><span style=\"font-size: 130%;\" data-line-height=\"m\">A partir de est\u00e1ndares internacionales en la administraci\u00f3n de proyectos, liderizamos y asesoramos los procesos de dise\u00f1o, construcci\u00f3n y operaci\u00f3n de los proyectos. Establecer los objetivos, gestionar a los interesados, planificar y ejecutar con conocimiento es imprescindible para minimizar riesgos <\/span><\/p>\n\n\t\t<\/div>\n\t<\/div>\n\n\t\n\n<\/div>\n\t<div id=\"gap-408120171\" class=\"gap-element clearfix hide-for-small\" style=\"display:block; height:auto;\">\n\t\t\n<style scope=\"scope\">\n\n#gap-408120171 {\n  padding-top: 60px;\n}\n<\/style>\n\t<\/div>\n\t\n\n<div class=\"text-center\"><div class=\"is-divider divider clearfix\" style=\"max-width:1200px;height:1px;\"><\/div><\/div>\n\n\t<div id=\"gap-396449436\" class=\"gap-element clearfix hide-for-small\" style=\"display:block; height:auto;\">\n\t\t\n<style scope=\"scope\">\n\n#gap-396449436 {\n  padding-top: 60px;\n}\n<\/style>\n\t<\/div>\n\t\n\n<div class=\"row\"  id=\"row-2104001103\">\n\n\n\t<div class=\"col medium-4 small-12 large-4\"  >\n\t\t<div class=\"col-inner\" style=\"padding:0px 20px 0px 20px;\" >\n\t\t\t\n\t\t\t\n\n<h2 class=\"thin-font\"><span lang=\"ES\" style=\"font-size: 150%;\">Diagn\u00f3sticos y <strong><span style=\"color: #009393;\">\u201cProject Health Checks\u201d<\/span><\/strong><\/span><\/h2>\n<div class=\"is-divider divider clearfix\" style=\"max-width:100px;background-color:rgb(0, 147, 147);\"><\/div>\n\n\n\t\t<\/div>\n\t<\/div>\n\n\t\n\n\t<div class=\"col medium-8 small-12 large-8\"  >\n\t\t<div class=\"col-inner\" style=\"padding:0px 20px 0px 20px;\" >\n\t\t\t\n\t\t\t\n\n<p class=\"thin-font\"><span style=\"font-size: 130%;\" data-line-height=\"m\">Conocer el status real y a tiempo de los proyectos es imprescindible. Ofrecemos a nuestros clientes la revisi\u00f3n del estatus de sus proyectos como agentes independientes.<\/span><\/p>\n\n\t\t<\/div>\n\t<\/div>\n\n\t\n\n<\/div>\n\n\t\t<\/div>\n\n\t\t\n<style scope=\"scope\">\n\n#section_560462611 {\n  padding-top: 140px;\n  padding-bottom: 140px;\n}\n#section_560462611 .section-bg.bg-loaded {\n  background-image: url(https:\/\/www.lifesynchro.com\/wp-content\/uploads\/2020\/10\/fondo_2.png);\n}\n<\/style>\n\t<\/section>\n\t\n\t<section class=\"section\" id=\"section_929893321\">\n\t\t<div class=\"bg section-bg fill bg-fill  bg-loaded\" >\n\n\t\t\t\n\t\t\t\n\t\t\t\n\n\t\t<\/div>\n\n\t\t<div class=\"section-content relative\">\n\t\t\t\n\n<div class=\"slider-wrapper relative\" id=\"slider-430340241\" >\n    <div class=\"slider slider-nav-circle slider-nav-large slider-nav-light slider-style-normal\"\n        data-flickity-options='{\n            \"cellAlign\": \"center\",\n            \"imagesLoaded\": true,\n            \"lazyLoad\": 1,\n            \"freeScroll\": false,\n            \"wrapAround\": true,\n            \"autoPlay\": 6000,\n            \"pauseAutoPlayOnHover\" : true,\n            \"prevNextButtons\": true,\n            \"contain\" : true,\n            \"adaptiveHeight\" : true,\n            \"dragThreshold\" : 10,\n            \"percentPosition\": true,\n            \"pageDots\": true,\n            \"rightToLeft\": false,\n            \"draggable\": true,\n            \"selectedAttraction\": 0.1,\n            \"parallax\" : 0,\n            \"friction\": 0.6        }'\n        >\n        \n\n\n  <div class=\"banner has-hover has-parallax\" id=\"banner-375119937\">\n          <div class=\"banner-inner fill\">\n        <div class=\"banner-bg fill\" data-parallax=\"-3\" data-parallax-container=\".banner\" data-parallax-background>\n            <div class=\"bg fill bg-fill \"><\/div>\n                                    \n                    <\/div>\n        <div class=\"banner-layers container\">\n            <div class=\"fill banner-link\"><\/div>            \n\n\n        <\/div>\n      <\/div>\n\n            \n<style scope=\"scope\">\n\n#banner-375119937 {\n  padding-top: 549px;\n}\n#banner-375119937 .bg.bg-loaded {\n  background-image: url(https:\/\/www.lifesynchro.com\/wp-content\/uploads\/2020\/10\/top-view-of-modern-suburban-house-and-green-grass-QU68S7D.jpg);\n}\n#banner-375119937 .bg {\n  background-position: 41% 83%;\n}\n<\/style>\n  <\/div>\n\n\n\n  <div class=\"banner has-hover has-parallax\" id=\"banner-1060966688\">\n          <div class=\"banner-inner fill\">\n        <div class=\"banner-bg fill\" data-parallax=\"-3\" data-parallax-container=\".banner\" data-parallax-background>\n            <div class=\"bg fill bg-fill \"><\/div>\n                                    \n                    <\/div>\n        <div class=\"banner-layers container\">\n            <div class=\"fill banner-link\"><\/div>            \n\n\n        <\/div>\n      <\/div>\n\n            \n<style scope=\"scope\">\n\n#banner-1060966688 {\n  padding-top: 549px;\n}\n#banner-1060966688 .bg.bg-loaded {\n  background-image: url(https:\/\/www.lifesynchro.com\/wp-content\/uploads\/2020\/10\/outside-view-of-elegant-suburban-house-with-big-wi-3YEG52D.jpg);\n}\n#banner-1060966688 .bg {\n  background-position: 41% 83%;\n}\n<\/style>\n  <\/div>\n\n\n\n  <div class=\"banner has-hover has-parallax\" id=\"banner-598299179\">\n          <div class=\"banner-inner fill\">\n        <div class=\"banner-bg fill\" data-parallax=\"-3\" data-parallax-container=\".banner\" data-parallax-background>\n            <div class=\"bg fill bg-fill \"><\/div>\n                                    \n                    <\/div>\n        <div class=\"banner-layers container\">\n            <div class=\"fill banner-link\"><\/div>            \n\n\n        <\/div>\n      <\/div>\n\n            \n<style scope=\"scope\">\n\n#banner-598299179 {\n  padding-top: 549px;\n}\n#banner-598299179 .bg.bg-loaded {\n  background-image: url(https:\/\/www.lifesynchro.com\/wp-content\/uploads\/2020\/10\/outside-view-of-elegant-suburban-house-with-big-wi-UANA4GQ.jpg);\n}\n#banner-598299179 .bg {\n  background-position: 41% 83%;\n}\n<\/style>\n  <\/div>\n\n\n\n     <\/div>\n\n     <div class=\"loading-spin dark large centered\"><\/div>\n\n     <style scope=\"scope\">\n             <\/style>\n<\/div>\n\n\n\n\t\t<\/div>\n\n\t\t\n<style scope=\"scope\">\n\n#section_929893321 {\n  padding-top: 0px;\n  padding-bottom: 0px;\n}\n<\/style>\n\t<\/section>\n\t\n\t<section class=\"section dark\" id=\"section_176235523\">\n\t\t<div class=\"bg section-bg fill bg-fill  bg-loaded\" >\n\n\t\t\t\n\t\t\t\n\t\t\t\n\n\t\t<\/div>\n\n\t\t<div class=\"section-content relative\">\n\t\t\t\n\n<div class=\"row\"  id=\"row-1125877931\">\n\n\n\t<div class=\"col medium-6 small-12 large-6\"  >\n\t\t<div class=\"col-inner\" style=\"padding:0px 20px 0px 20px;\" >\n\t\t\t\n\t\t\t\n\n<div class=\"is-divider divider clearfix\" style=\"margin-top:10px;margin-bottom:10px;background-color:rgb(0, 147, 147);\"><\/div>\n\n<h2 class=\"thin-font\"><span style=\"font-size: 150%;\"> Synchro Projects and Solutions<\/span><\/h2>\n<p class=\"thin-font\">Somos consultores y desarrolladores que creamos valor y sincronizamos los proyectos inmobiliarios con el bienestar humano y la sostenibilidad del planeta.<\/p>\n\n\t\t<\/div>\n\t<\/div>\n\n\t\n\n\t<div class=\"col medium-6 small-12 large-6\"  >\n\t\t<div class=\"col-inner\"  >\n\t\t\t\n\t\t\t\n\n<div class=\"row align-center\"  id=\"row-1551197301\">\n\n\n\t<div class=\"col medium-7 small-12 large-7\"  >\n\t\t<div class=\"col-inner\" style=\"padding:0px 20px 0px 20px;\" >\n\t\t\t\n\t\t\t\n\n\t<div class=\"img has-hover x md-x lg-x y md-y lg-y\" id=\"image_379635395\">\n\t\t\t\t\t\t\t\t<div class=\"img-inner dark\" style=\"margin:0px 0px 20px 0px;\">\n\t\t\t<img width=\"293\" height=\"68\" src=\"https:\/\/www.lifesynchro.com\/wp-content\/uploads\/2020\/10\/Syncrhro.png\" class=\"attachment-large size-large\" alt=\"\" loading=\"lazy\" \/>\t\t\t\t\t\t\n\t\t\t\t\t<\/div>\n\t\t\t\t\t\t\t\t\n<style scope=\"scope\">\n\n#image_379635395 {\n  width: 100%;\n}\n<\/style>\n\t<\/div>\n\t\n\n<p class=\"thin-font\">Ciudad de Panam\u00e1, Panam\u00e1<\/p>\n<a class=\"button white is-link lowercase\"  >\n    <span>info@lifesynchro.com<\/span>\n  <\/a>\n\n\n<div class=\"social-icons follow-icons\" ><a href=\"https:\/\/www.instagram.com\/synchroprojects\/\" target=\"_blank\" rel=\"noopener noreferrer nofollow\" data-label=\"Instagram\" class=\"icon plain  instagram tooltip\" title=\"S\u00edguenos en Instagram\"><i class=\"icon-instagram\" ><\/i><\/a><a href=\"https:\/\/twitter.com\/lifesynchropty\" target=\"_blank\"  data-label=\"Twitter\"  rel=\"noopener noreferrer nofollow\" class=\"icon plain  twitter tooltip\" title=\"S\u00edguenos en Twitter\"><i class=\"icon-twitter\" ><\/i><\/a><\/div>\n\n\t<div id=\"gap-1705275251\" class=\"gap-element clearfix\" style=\"display:block; height:auto;\">\n\t\t\n<style scope=\"scope\">\n\n#gap-1705275251 {\n  padding-top: 10px;\n}\n<\/style>\n\t<\/div>\n\t\n\n\n\t\t<\/div>\n\t<\/div>\n\n\t\n\n\n<style scope=\"scope\">\n\n<\/style>\n<\/div>\n\n\t\t<\/div>\n\t<\/div>\n\n\t\n\n<\/div>\n\n\t\t<\/div>\n\n\t\t\n<style scope=\"scope\">\n\n#section_176235523 {\n  padding-top: 50px;\n  padding-bottom: 50px;\n  background-color: rgb(29, 65, 58);\n}\n<\/style>\n\t<\/section>\n\t\n","protected":false},"excerpt":{"rendered":"","protected":false},"author":1,"featured_media":0,"parent":0,"menu_order":0,"comment_status":"closed","ping_status":"closed","template":"page-blank.php","meta":[],"yoast_head":"<!-- This site is optimized with the Yoast SEO plugin v15.1.1 - https:\/\/yoast.com\/wordpress\/plugins\/seo\/ -->\n<title>Administraci\u00f3n de Proyectos - Synchro Projects and Consulting<\/title>\n<meta name=\"description\" content=\"Administraci\u00f3n de Proyectos en General. A partir de est\u00e1ndares internacionales en la administraci\u00f3n de proyectos, liderizamos y asesoramos...\" \/>\n<meta name=\"robots\" content=\"index, follow, max-snippet:-1, max-image-preview:large, max-video-preview:-1\" \/>\n<link rel=\"canonical\" href=\"https:\/\/www.lifesynchro.com\/index.php\/administracion-de-proyectos\/\" \/>\n<meta property=\"og:locale\" content=\"es_ES\" \/>\n<meta property=\"og:type\" content=\"article\" \/>\n<meta property=\"og:title\" content=\"Administraci\u00f3n de Proyectos - Synchro Projects and Consulting\" \/>\n<meta property=\"og:description\" content=\"Administraci\u00f3n de Proyectos en General. A partir de est\u00e1ndares internacionales en la administraci\u00f3n de proyectos, liderizamos y asesoramos...\" \/>\n<meta property=\"og:url\" content=\"https:\/\/www.lifesynchro.com\/index.php\/administracion-de-proyectos\/\" \/>\n<meta property=\"og:site_name\" content=\"Synchro Projects and Consulting\" \/>\n<meta property=\"article:modified_time\" content=\"2020-10-27T14:12:26+00:00\" \/>\n<meta name=\"twitter:card\" content=\"summary_large_image\" \/>\n<script type=\"application\/ld+json\" class=\"yoast-schema-graph\">{\"@context\":\"https:\/\/schema.org\",\"@graph\":[{\"@type\":\"Organization\",\"@id\":\"https:\/\/www.lifesynchro.com\/#organization\",\"name\":\"Synchro Projects and Solutions\",\"url\":\"https:\/\/www.lifesynchro.com\/\",\"sameAs\":[],\"logo\":{\"@type\":\"ImageObject\",\"@id\":\"https:\/\/www.lifesynchro.com\/#logo\",\"inLanguage\":\"es\",\"url\":\"https:\/\/www.lifesynchro.com\/wp-content\/uploads\/2020\/10\/Logo-Syncro-Color.png\",\"width\":293,\"height\":68,\"caption\":\"Synchro Projects and Solutions\"},\"image\":{\"@id\":\"https:\/\/www.lifesynchro.com\/#logo\"}},{\"@type\":\"WebSite\",\"@id\":\"https:\/\/www.lifesynchro.com\/#website\",\"url\":\"https:\/\/www.lifesynchro.com\/\",\"name\":\"Synchro Projects and Consulting\",\"description\":\"Somos consultores y desarrolladores\",\"publisher\":{\"@id\":\"https:\/\/www.lifesynchro.com\/#organization\"},\"potentialAction\":[{\"@type\":\"SearchAction\",\"target\":\"https:\/\/www.lifesynchro.com\/?s={search_term_string}\",\"query-input\":\"required name=search_term_string\"}],\"inLanguage\":\"es\"},{\"@type\":\"WebPage\",\"@id\":\"https:\/\/www.lifesynchro.com\/index.php\/administracion-de-proyectos\/#webpage\",\"url\":\"https:\/\/www.lifesynchro.com\/index.php\/administracion-de-proyectos\/\",\"name\":\"Administraci\\u00f3n de Proyectos - Synchro Projects and Consulting\",\"isPartOf\":{\"@id\":\"https:\/\/www.lifesynchro.com\/#website\"},\"datePublished\":\"2020-10-06T13:31:08+00:00\",\"dateModified\":\"2020-10-27T14:12:26+00:00\",\"description\":\"Administraci\\u00f3n de Proyectos en General. A partir de est\\u00e1ndares internacionales en la administraci\\u00f3n de proyectos, liderizamos y asesoramos...\",\"inLanguage\":\"es\",\"potentialAction\":[{\"@type\":\"ReadAction\",\"target\":[\"https:\/\/www.lifesynchro.com\/index.php\/administracion-de-proyectos\/\"]}]}]}<\/script>\n<!-- \/ Yoast SEO plugin. -->","_links":{"self":[{"href":"https:\/\/www.lifesynchro.com\/index.php\/wp-json\/wp\/v2\/pages\/99"}],"collection":[{"href":"https:\/\/www.lifesynchro.com\/index.php\/wp-json\/wp\/v2\/pages"}],"about":[{"href":"https:\/\/www.lifesynchro.com\/index.php\/wp-json\/wp\/v2\/types\/page"}],"author":[{"embeddable":true,"href":"https:\/\/www.lifesynchro.com\/index.php\/wp-json\/wp\/v2\/users\/1"}],"replies":[{"embeddable":true,"href":"https:\/\/www.lifesynchro.com\/index.php\/wp-json\/wp\/v2\/comments?post=99"}],"version-history":[{"count":13,"href":"https:\/\/www.lifesynchro.com\/index.php\/wp-json\/wp\/v2\/pages\/99\/revisions"}],"predecessor-version":[{"id":171,"href":"https:\/\/www.lifesynchro.com\/index.php\/wp-json\/wp\/v2\/pages\/99\/revisions\/171"}],"wp:attachment":[{"href":"https:\/\/www.lifesynchro.com\/index.php\/wp-json\/wp\/v2\/media?parent=99"}],"curies":[{"name":"wp","href":"https:\/\/api.w.org\/{rel}","templated":true}]}}